{"id":2679,"date":"2020-09-02T14:49:48","date_gmt":"2020-09-02T12:49:48","guid":{"rendered":"https:\/\/www.lg-klima.de\/wp\/?page_id=2679"},"modified":"2024-12-05T12:37:30","modified_gmt":"2024-12-05T11:37:30","slug":"team","status":"publish","type":"page","link":"https:\/\/www.lg-klima.de\/wp\/team\/","title":{"rendered":"L&amp;G Team"},"content":{"rendered":"\t\t<div data-elementor-type=\"wp-page\" data-elementor-id=\"2679\" class=\"elementor elementor-2679\" data-elementor-post-type=\"page\">\n\t\t\t\t\t\t<section class=\"elementor-section elementor-top-section elementor-element elementor-element-553c78bd elementor-section-boxed elementor-section-height-default elementor-section-height-default\" data-id=\"553c78bd\" data-element_type=\"section\" data-settings=\"{&quot;background_background&quot;:&quot;classic&quot;}\">\n\t\t\t\t\t\t<div class=\"elementor-container elementor-column-gap-default\">\n\t\t\t\t\t<div class=\"elementor-column elementor-col-100 elementor-top-column elementor-element elementor-element-59cd337d\" data-id=\"59cd337d\" data-element_type=\"column\">\n\t\t\t<div class=\"elementor-widget-wrap elementor-element-populated\">\n\t\t\t\t\t\t<section class=\"elementor-section elementor-inner-section elementor-element elementor-element-282bbaba elementor-section-boxed elementor-section-height-default elementor-section-height-default\" data-id=\"282bbaba\" data-element_type=\"section\">\n\t\t\t\t\t\t<div class=\"elementor-container elementor-column-gap-default\">\n\t\t\t\t\t<div class=\"elementor-column elementor-col-100 elementor-inner-column elementor-element elementor-element-41d8b16d\" data-id=\"41d8b16d\" data-element_type=\"column\">\n\t\t\t<div class=\"elementor-widget-wrap elementor-element-populated\">\n\t\t\t\t\t\t<div class=\"elementor-element elementor-element-54ccaf89 elementor-widget elementor-widget-elementskit-heading\" data-id=\"54ccaf89\" data-element_type=\"widget\" data-widget_type=\"elementskit-heading.default\">\n\t\t\t\t<div class=\"elementor-widget-container\">\n\t\t\t<div class=\"ekit-wid-con\" ><div class=\"ekit-heading elementskit-section-title-wraper center   ekit_heading_tablet-   ekit_heading_mobile-\"><h2 class=\"ekit-heading--title elementskit-section-title \"><span>L&amp;G<\/span> Klimatechnik<\/h2>\t\t\t\t<div class='ekit-heading__description'>\n\t\t\t\t\t<p>Die L&amp;G Klimatechnik setzt sich aus den Gesellschaftern und Gesch\u00e4ftsf\u00fchrern Marc Lindenschmidt und Manfred Gohe zusammen. Beide haben das Unternehmen im Dezember 2014 gegr\u00fcndet und blicken nun, 10 Jahre sp\u00e4ter stolz auf ein expandierendes Unternehmen, mit insgesamt 16 Mitarbeitern. <br \/>Das Unternehmen hat sich auf Produkte von Haier und Toshiba spezialisiert.<\/p>\n\t\t\t\t<\/div>\n\t\t\t<div class=\"ekit_heading_separetor_wraper ekit_heading_elementskit-border-divider elementskit-style-long\"><div class=\"elementskit-border-divider elementskit-style-long\"><\/div><\/div><\/div><\/div>\t\t<\/div>\n\t\t\t\t<\/div>\n\t\t\t\t\t<\/div>\n\t\t<\/div>\n\t\t\t\t\t<\/div>\n\t\t<\/section>\n\t\t\t\t<div class=\"elementor-element elementor-element-1058eff9 elementor-hidden-phone elementor-widget elementor-widget-spacer\" data-id=\"1058eff9\" data-element_type=\"widget\" data-widget_type=\"spacer.default\">\n\t\t\t\t<div class=\"elementor-widget-container\">\n\t\t\t\t\t<div class=\"elementor-spacer\">\n\t\t\t<div class=\"elementor-spacer-inner\"><\/div>\n\t\t<\/div>\n\t\t\t\t<\/div>\n\t\t\t\t<\/div>\n\t\t\t\t<section class=\"elementor-section elementor-inner-section elementor-element elementor-element-1fcce05c elementor-section-boxed elementor-section-height-default elementor-section-height-default\" data-id=\"1fcce05c\" data-element_type=\"section\">\n\t\t\t\t\t\t<div class=\"elementor-container elementor-column-gap-no\">\n\t\t\t\t\t<div class=\"elementor-column elementor-col-50 elementor-inner-column elementor-element elementor-element-1fdd277b\" data-id=\"1fdd277b\" data-element_type=\"column\">\n\t\t\t<div class=\"elementor-widget-wrap elementor-element-populated\">\n\t\t\t\t\t\t<div class=\"elementor-element elementor-element-7ebb9504 elementor-widget elementor-widget-elementskit-team\" data-id=\"7ebb9504\" data-element_type=\"widget\" data-widget_type=\"elementskit-team.default\">\n\t\t\t\t<div class=\"elementor-widget-container\">\n\t\t\t<div class=\"ekit-wid-con\">\t\t\t\t\t\t\t\t\n\t\t<div class=\"profile-card elementor-animation- text-center ekit-team-style-default\">\n\t\t\t\t\t\t\t<a aria-label=\"profile\" href=\"javascript:void(0)\" data-mfp-src=\"#ekit_team_modal_7ebb9504_2679\" class=\"ekit-team-popup\">\n\t\t\t\n\t\t\t\t<div class=\"profile-header ekit-team-img ekit-img-overlay ekit-team-img-block\"  data-toggle=\"modal\" data-target=\"ekit_team_modal_#7ebb9504_2679\" >\n\t\t\t\t\t<img fetchpriority=\"high\" decoding=\"async\" width=\"1237\" height=\"826\" src=\"https:\/\/www.lg-klima.de\/wp\/wp-content\/uploads\/2020\/11\/8996_WEB.jpg\" class=\"attachment-full size-full wp-image-9371\" alt=\"\" srcset=\"https:\/\/www.lg-klima.de\/wp\/wp-content\/uploads\/2020\/11\/8996_WEB.jpg 1237w, https:\/\/www.lg-klima.de\/wp\/wp-content\/uploads\/2020\/11\/8996_WEB-300x200.jpg 300w, https:\/\/www.lg-klima.de\/wp\/wp-content\/uploads\/2020\/11\/8996_WEB-1024x684.jpg 1024w, https:\/\/www.lg-klima.de\/wp\/wp-content\/uploads\/2020\/11\/8996_WEB-768x513.jpg 768w\" sizes=\"(max-width: 1237px) 100vw, 1237px\" \/>\t\t\t\t<\/div><!-- .profile-header END -->\n\t\t\t\t\t\t\t<\/a>\n\t\t\t\n\n\t\t\t\t<div class=\"profile-body\">\n\t\t\t\t\t\n\t\t\t\t\t<h2 class=\"profile-title\">\n\t\t\t\t\t\t\t\t\t\t\t<a aria-label=\"profile\" href=\"javascript:void(0)\" data-mfp-src=\"#ekit_team_modal_7ebb9504_2679\" class=\"ekit-team-popup\">\n\t\t\t\t\t\tMarc Lindenschmidt\t\t\t\t\t\t<\/a>\n\t\t\t\t\t\t\t\t\t\t\t<\/h2>\n\t\t\t\t\t<p class=\"profile-designation\">Gesch\u00e4ftsf\u00fchrer<\/p>\n\t\t\t\t\t\t\t\t\t\t<p class=\"profile-content\">Telefon:\u00a005921 71209-10 |                         \nMobil: 0173 2760320\nm.lindenschmidt@lg-klima.de<\/p>\n\t\t\t\t\t\t\t\t\t<\/div><!-- .profile-body END -->\n\n\t\t\t\t\t\t\t\t<\/div>\n\t\t\t\t\t\t\t\n\t\t\t\n\t\t\t\t\t<div class=\"zoom-anim-dialog mfp-hide elementskit-team-popup team-popup-id-7ebb9504\" id=\"ekit_team_modal_7ebb9504_2679\" tabindex=\"-1\" role=\"dialog\" aria-hidden=\"true\">\n\t\t\t\t<div class=\"modal-dialog modal-dialog-centered\" role=\"document\">\n\t\t\t\t\t<div class=\"modal-content\">\n\t\t\t\t\t\t<button type=\"button\" class=\"ekit-team-modal-close\">\n\t\t\t\t\t\t\t<i aria-hidden=\"true\" class=\"fas fa-times\"><\/i>\t\t\t\t\t\t<\/button>\n\n\t\t\t\t\t\t<div class=\"modal-body\">\n\t\t\t\t\t\t\t\t\t\t\t\t\t\t\t<div class=\"ekit-team-modal-img\">\n\t\t\t\t\t\t\t\t\t<img fetchpriority=\"high\" decoding=\"async\" width=\"1237\" height=\"826\" src=\"https:\/\/www.lg-klima.de\/wp\/wp-content\/uploads\/2020\/11\/8996_WEB.jpg\" class=\"attachment-full size-full wp-image-9371\" alt=\"\" srcset=\"https:\/\/www.lg-klima.de\/wp\/wp-content\/uploads\/2020\/11\/8996_WEB.jpg 1237w, https:\/\/www.lg-klima.de\/wp\/wp-content\/uploads\/2020\/11\/8996_WEB-300x200.jpg 300w, https:\/\/www.lg-klima.de\/wp\/wp-content\/uploads\/2020\/11\/8996_WEB-1024x684.jpg 1024w, https:\/\/www.lg-klima.de\/wp\/wp-content\/uploads\/2020\/11\/8996_WEB-768x513.jpg 768w\" sizes=\"(max-width: 1237px) 100vw, 1237px\" \/>\t\t\t\t\t\t\t\t<\/div>\n\t\t\t\t\t\t\t\n\t\t\t\t\t\t\t<div class=\"ekit-team-modal-info has-img\">\n\t\t\t\t\t\t\t\t<h2 class=\"ekit-team-modal-title\">Marc Lindenschmidt<\/h2>\n\t\t\t\t\t\t\t\t<p class=\"ekit-team-modal-position\">Gesch\u00e4ftsf\u00fchrer<\/p>\n\n\t\t\t\t\t\t\t\t<div class=\"ekit-team-modal-content\">\n\t\t\t\t\t\t\t\t\t\t\t\t\t\t\t\t\t<\/div>\n\n\t\t\t\t\t\t\t\t\t\t\t\t\t\t\t\t\t<ul class=\"ekit-team-modal-list\">\n\t\t\t\t\t\t\t\t\t\t\n\t\t\t\t\t\t\t\t\t\t\t\t\t\t\t\t\t\t\t\t\t<li><strong>Email:<\/strong><a href=\"mailto:m.lindenschmidt@lg-klima.de\">m.lindenschmidt@lg-klima.de<\/a><\/li>\n\t\t\t\t\t\t\t\t\t\t\t\t\t\t\t\t\t\t\t<\/ul>\n\t\t\t\t\t\t\t\t\n\t\t\t\t\t\t\t\t\t\t\t\t\t\t\t<\/div>\n\t\t\t\t\t\t<\/div>\n\t\t\t\t\t<\/div>\n\t\t\t\t<\/div>\n\t\t\t<\/div>\n\t\t\t\t<\/div>\t\t<\/div>\n\t\t\t\t<\/div>\n\t\t\t\t\t<\/div>\n\t\t<\/div>\n\t\t\t\t<div class=\"elementor-column elementor-col-50 elementor-inner-column elementor-element elementor-element-3a9f80bf\" data-id=\"3a9f80bf\" data-element_type=\"column\">\n\t\t\t<div class=\"elementor-widget-wrap elementor-element-populated\">\n\t\t\t\t\t\t<div class=\"elementor-element elementor-element-4a75acba elementor-widget elementor-widget-elementskit-team\" data-id=\"4a75acba\" data-element_type=\"widget\" id=\"Gohe\" data-widget_type=\"elementskit-team.default\">\n\t\t\t\t<div class=\"elementor-widget-container\">\n\t\t\t<div class=\"ekit-wid-con\">\t\t\t\t\t\t\t\t\n\t\t<div class=\"profile-card elementor-animation- text-center ekit-team-style-default\">\n\t\t\t\t\t\t\t<a aria-label=\"profile\" href=\"javascript:void(0)\" data-mfp-src=\"#ekit_team_modal_4a75acba_2679\" class=\"ekit-team-popup\">\n\t\t\t\n\t\t\t\t<div class=\"profile-header ekit-team-img ekit-img-overlay ekit-team-img-block\"  data-toggle=\"modal\" data-target=\"ekit_team_modal_#4a75acba_2679\" >\n\t\t\t\t\t<img decoding=\"async\" width=\"1245\" height=\"831\" src=\"https:\/\/www.lg-klima.de\/wp\/wp-content\/uploads\/2020\/11\/8984_WEB.jpg\" class=\"attachment-full size-full wp-image-9370\" alt=\"\" srcset=\"https:\/\/www.lg-klima.de\/wp\/wp-content\/uploads\/2020\/11\/8984_WEB.jpg 1245w, https:\/\/www.lg-klima.de\/wp\/wp-content\/uploads\/2020\/11\/8984_WEB-300x200.jpg 300w, https:\/\/www.lg-klima.de\/wp\/wp-content\/uploads\/2020\/11\/8984_WEB-1024x683.jpg 1024w, https:\/\/www.lg-klima.de\/wp\/wp-content\/uploads\/2020\/11\/8984_WEB-768x513.jpg 768w\" sizes=\"(max-width: 1245px) 100vw, 1245px\" \/>\t\t\t\t<\/div><!-- .profile-header END -->\n\t\t\t\t\t\t\t<\/a>\n\t\t\t\n\n\t\t\t\t<div class=\"profile-body\">\n\t\t\t\t\t\n\t\t\t\t\t<h2 class=\"profile-title\">\n\t\t\t\t\t\t\t\t\t\t\t<a aria-label=\"profile\" href=\"javascript:void(0)\" data-mfp-src=\"#ekit_team_modal_4a75acba_2679\" class=\"ekit-team-popup\">\n\t\t\t\t\t\tManfred Gohe\t\t\t\t\t\t<\/a>\n\t\t\t\t\t\t\t\t\t\t\t<\/h2>\n\t\t\t\t\t<p class=\"profile-designation\">Gesch\u00e4ftsf\u00fchrer<\/p>\n\t\t\t\t\t\t\t\t\t\t<p class=\"profile-content\">Telefon: 05921 71209-20 |\nMobil: 0151 21032086\nm.gohe@lg-klima.de<\/p>\n\t\t\t\t\t\t\t\t\t<\/div><!-- .profile-body END -->\n\n\t\t\t\t\t\t\t\t<\/div>\n\t\t\t\t\t\t\t\n\t\t\t\n\t\t\t\t\t<div class=\"zoom-anim-dialog mfp-hide elementskit-team-popup team-popup-id-4a75acba\" id=\"ekit_team_modal_4a75acba_2679\" tabindex=\"-1\" role=\"dialog\" aria-hidden=\"true\">\n\t\t\t\t<div class=\"modal-dialog modal-dialog-centered\" role=\"document\">\n\t\t\t\t\t<div class=\"modal-content\">\n\t\t\t\t\t\t<button type=\"button\" class=\"ekit-team-modal-close\">\n\t\t\t\t\t\t\t<i aria-hidden=\"true\" class=\"fas fa-times\"><\/i>\t\t\t\t\t\t<\/button>\n\n\t\t\t\t\t\t<div class=\"modal-body\">\n\t\t\t\t\t\t\t\t\t\t\t\t\t\t\t<div class=\"ekit-team-modal-img\">\n\t\t\t\t\t\t\t\t\t<img decoding=\"async\" width=\"1245\" height=\"831\" src=\"https:\/\/www.lg-klima.de\/wp\/wp-content\/uploads\/2020\/11\/8984_WEB.jpg\" class=\"attachment-full size-full wp-image-9370\" alt=\"\" srcset=\"https:\/\/www.lg-klima.de\/wp\/wp-content\/uploads\/2020\/11\/8984_WEB.jpg 1245w, https:\/\/www.lg-klima.de\/wp\/wp-content\/uploads\/2020\/11\/8984_WEB-300x200.jpg 300w, https:\/\/www.lg-klima.de\/wp\/wp-content\/uploads\/2020\/11\/8984_WEB-1024x683.jpg 1024w, https:\/\/www.lg-klima.de\/wp\/wp-content\/uploads\/2020\/11\/8984_WEB-768x513.jpg 768w\" sizes=\"(max-width: 1245px) 100vw, 1245px\" \/>\t\t\t\t\t\t\t\t<\/div>\n\t\t\t\t\t\t\t\n\t\t\t\t\t\t\t<div class=\"ekit-team-modal-info has-img\">\n\t\t\t\t\t\t\t\t<h2 class=\"ekit-team-modal-title\">Manfred Gohe<\/h2>\n\t\t\t\t\t\t\t\t<p class=\"ekit-team-modal-position\">Gesch\u00e4ftsf\u00fchrer<\/p>\n\n\t\t\t\t\t\t\t\t<div class=\"ekit-team-modal-content\">\n\t\t\t\t\t\t\t\t\t\t\t\t\t\t\t\t\t<\/div>\n\n\t\t\t\t\t\t\t\t\t\t\t\t\t\t\t\t\t<ul class=\"ekit-team-modal-list\">\n\t\t\t\t\t\t\t\t\t\t\n\t\t\t\t\t\t\t\t\t\t\t\t\t\t\t\t\t\t\t\t\t<li><strong>Email:<\/strong><a href=\"mailto:m.gohe@lg-klima.de\">m.gohe@lg-klima.de<\/a><\/li>\n\t\t\t\t\t\t\t\t\t\t\t\t\t\t\t\t\t\t\t<\/ul>\n\t\t\t\t\t\t\t\t\n\t\t\t\t\t\t\t\t\t\t\t\t\t\t\t<\/div>\n\t\t\t\t\t\t<\/div>\n\t\t\t\t\t<\/div>\n\t\t\t\t<\/div>\n\t\t\t<\/div>\n\t\t\t\t<\/div>\t\t<\/div>\n\t\t\t\t<\/div>\n\t\t\t\t\t<\/div>\n\t\t<\/div>\n\t\t\t\t\t<\/div>\n\t\t<\/section>\n\t\t\t\t\t<\/div>\n\t\t<\/div>\n\t\t\t\t\t<\/div>\n\t\t<\/section>\n\t\t\t\t<\/div>\n\t\t","protected":false},"excerpt":{"rendered":"<p>L&amp;G Klimatechnik Die L&amp;G Klimatechnik setzt sich aus den Gesellschaftern und Gesch\u00e4ftsf\u00fchrern Marc Lindenschmidt und Manfred Gohe zusammen. Beide haben das Unternehmen im Dezember 2014 gegr\u00fcndet und blicken nun, 10 Jahre sp\u00e4ter stolz auf ein expandierendes Unternehmen, mit insgesamt 16 Mitarbeitern. Das Unternehmen hat sich auf Produkte von Haier und Toshiba spezialisiert. Marc Lindenschmidt Gesch\u00e4ftsf\u00fchrer [&hellip;]<\/p>\n","protected":false},"author":186,"featured_media":0,"parent":0,"menu_order":0,"comment_status":"closed","ping_status":"closed","template":"","meta":{"ocean_post_layout":"","ocean_both_sidebars_style":"","ocean_both_sidebars_content_width":0,"ocean_both_sidebars_sidebars_width":0,"ocean_sidebar":"0","ocean_second_sidebar":"0","ocean_disable_margins":"enable","ocean_add_body_class":"","ocean_shortcode_before_top_bar":"","ocean_shortcode_after_top_bar":"","ocean_shortcode_before_header":"","ocean_shortcode_after_header":"","ocean_has_shortcode":"","ocean_shortcode_after_title":"","ocean_shortcode_before_footer_widgets":"","ocean_shortcode_after_footer_widgets":"","ocean_shortcode_before_footer_bottom":"","ocean_shortcode_after_footer_bottom":"","ocean_display_top_bar":"default","ocean_display_header":"default","ocean_header_style":"","ocean_center_header_left_menu":"0","ocean_custom_header_template":"0","ocean_custom_logo":0,"ocean_custom_retina_logo":0,"ocean_custom_logo_max_width":0,"ocean_custom_logo_tablet_max_width":0,"ocean_custom_logo_mobile_max_width":0,"ocean_custom_logo_max_height":0,"ocean_custom_logo_tablet_max_height":0,"ocean_custom_logo_mobile_max_height":0,"ocean_header_custom_menu":"0","ocean_menu_typo_font_family":"0","ocean_menu_typo_font_subset":"","ocean_menu_typo_font_size":0,"ocean_menu_typo_font_size_tablet":0,"ocean_menu_typo_font_size_mobile":0,"ocean_menu_typo_font_size_unit":"px","ocean_menu_typo_font_weight":"","ocean_menu_typo_font_weight_tablet":"","ocean_menu_typo_font_weight_mobile":"","ocean_menu_typo_transform":"","ocean_menu_typo_transform_tablet":"","ocean_menu_typo_transform_mobile":"","ocean_menu_typo_line_height":0,"ocean_menu_typo_line_height_tablet":0,"ocean_menu_typo_line_height_mobile":0,"ocean_menu_typo_line_height_unit":"","ocean_menu_typo_spacing":0,"ocean_menu_typo_spacing_tablet":0,"ocean_menu_typo_spacing_mobile":0,"ocean_menu_typo_spacing_unit":"","ocean_menu_link_color":"","ocean_menu_link_color_hover":"","ocean_menu_link_color_active":"","ocean_menu_link_background":"","ocean_menu_link_hover_background":"","ocean_menu_link_active_background":"","ocean_menu_social_links_bg":"","ocean_menu_social_hover_links_bg":"","ocean_menu_social_links_color":"","ocean_menu_social_hover_links_color":"","ocean_disable_title":"on","ocean_disable_heading":"default","ocean_post_title":"","ocean_post_subheading":"","ocean_post_title_style":"","ocean_post_title_background_color":"","ocean_post_title_background":0,"ocean_post_title_bg_image_position":"","ocean_post_title_bg_image_attachment":"","ocean_post_title_bg_image_repeat":"","ocean_post_title_bg_image_size":"","ocean_post_title_height":0,"ocean_post_title_bg_overlay":0.5,"ocean_post_title_bg_overlay_color":"","ocean_disable_breadcrumbs":"default","ocean_breadcrumbs_color":"","ocean_breadcrumbs_separator_color":"","ocean_breadcrumbs_links_color":"","ocean_breadcrumbs_links_hover_color":"","ocean_display_footer_widgets":"default","ocean_display_footer_bottom":"default","ocean_custom_footer_template":"0","footnotes":""},"aioseo_notices":[],"_links":{"self":[{"href":"https:\/\/www.lg-klima.de\/wp\/wp-json\/wp\/v2\/pages\/2679"}],"collection":[{"href":"https:\/\/www.lg-klima.de\/wp\/wp-json\/wp\/v2\/pages"}],"about":[{"href":"https:\/\/www.lg-klima.de\/wp\/wp-json\/wp\/v2\/types\/page"}],"author":[{"embeddable":true,"href":"https:\/\/www.lg-klima.de\/wp\/wp-json\/wp\/v2\/users\/186"}],"replies":[{"embeddable":true,"href":"https:\/\/www.lg-klima.de\/wp\/wp-json\/wp\/v2\/comments?post=2679"}],"version-history":[{"count":180,"href":"https:\/\/www.lg-klima.de\/wp\/wp-json\/wp\/v2\/pages\/2679\/revisions"}],"predecessor-version":[{"id":13002,"href":"https:\/\/www.lg-klima.de\/wp\/wp-json\/wp\/v2\/pages\/2679\/revisions\/13002"}],"wp:attachment":[{"href":"https:\/\/www.lg-klima.de\/wp\/wp-json\/wp\/v2\/media?parent=2679"}],"curies":[{"name":"wp","href":"https:\/\/api.w.org\/{rel}","templated":true}]}}